{"id":2929,"date":"2024-08-16T08:50:07","date_gmt":"2024-08-16T06:50:07","guid":{"rendered":"https:\/\/www.pg-powergolf.de\/?post_type=product&#038;p=2929"},"modified":"2026-03-11T08:29:12","modified_gmt":"2026-03-11T07:29:12","slug":"steelcad-zorro-click-2-jahre-junge-modelle-mit-zubehoer","status":"publish","type":"product","link":"https:\/\/www.pg-powergolf.de\/ch\/produkt\/steelcad-zorro-click-2-jahre-junge-modelle-mit-zubehoer\/","title":{"rendered":"SteelCad Zorro Click &#8211; gepflegte 6 Monate junge Vorf\u00fchrcaddys mit Zubeh\u00f6r &#8211; Schn\u00e4ppchen"},"content":{"rendered":"<h2 class=\"vc_custom_heading\">SteelCad Zorro Click &#8211; 6 Monate junge Modelle &#8211; neuer Pflegeservice &#8211; Top Zustand mit Zubeh\u00f6r:\u00a0 <strong>Sie sparen: \u20ac 1.421.-<\/strong><\/h2>\n<div class=\"wpb_text_column wpb_content_element\">\n<div class=\"wpb_wrapper\">\n<p><strong>\u00a0<\/strong><\/p>\n<h4>SteelCad Zorro Click: \u00a0 \u00a0 (neu)\u00a0 \u00a0 \u00a0\u00a0 \u00a0 \u00a0 \u00a0 \u00a0 \u00a0\u00a0 \u00a0 \u00a0 \u00a0 \u00a0 \u00a0 \u00a0\u00a0\u00a0\u00a0\u00a0 \u20ac 3.490.-<\/h4>\n<h4>Schirmhalter Edelstahl \u00a0\u00a0\u00a0\u00a0\u00a0\u00a0\u00a0\u00a0\u00a0\u00a0\u00a0\u00a0\u00a0\u00a0\u00a0\u00a0\u00a0\u00a0\u00a0\u00a0\u00a0\u00a0\u00a0\u00a0\u00a0\u00a0\u00a0\u00a0\u00a0\u00a0\u00a0\u00a0\u00a0\u00a0\u00a0\u00a0\u00a0\u00a0\u00a0\u00a0\u00a0\u00a0\u00a0\u00a0 \u20ac\u00a0\u00a0 120.-<\/h4>\n<h4>Tragetasche\u00a0\u00a0\u00a0\u00a0\u00a0\u00a0\u00a0\u00a0\u00a0\u00a0\u00a0\u00a0\u00a0\u00a0\u00a0\u00a0\u00a0\u00a0\u00a0\u00a0\u00a0\u00a0\u00a0\u00a0\u00a0\u00a0\u00a0\u00a0\u00a0\u00a0\u00a0\u00a0\u00a0\u00a0\u00a0\u00a0\u00a0\u00a0\u00a0\u00a0\u00a0\u00a0\u00a0\u00a0\u00a0\u00a0\u00a0\u00a0\u00a0\u00a0\u00a0\u00a0\u00a0\u00a0\u00a0\u00a0\u00a0\u00a0\u00a0\u00a0\u00a0\u00a0 \u00a0\u00a0 \u00a0\u00a0 \u20ac\u00a0 110.-<\/h4>\n<h4><\/h4>\n<h4>Gesamtlistpreis:\u00a0\u00a0\u00a0 (neu) \u00a0\u00a0\u00a0\u00a0\u00a0\u00a0\u00a0\u00a0\u00a0\u00a0\u00a0\u00a0\u00a0\u00a0\u00a0\u00a0\u00a0\u00a0\u00a0\u00a0\u00a0\u00a0\u00a0\u00a0\u00a0\u00a0\u00a0\u00a0\u00a0\u00a0\u00a0\u00a0\u00a0\u00a0\u00a0\u00a0\u00a0\u00a0\u00a0\u00a0\u00a0\u00a0 \u20ac 3.720.-<\/h4>\n<p>&nbsp;<\/p>\n<h3><strong>Gebrauchtpreis incl. Zubeh\u00f6r:\u00a0\u00a0\u00a0\u00a0\u00a0\u00a0\u00a0\u00a0\u00a0\u00a0\u00a0\u00a0\u00a0\u00a0\u00a0\u00a0\u00a0 \u20ac 2.299.-<\/strong><\/h3>\n<p>&nbsp;<\/p>\n<p><strong>Alter:\u00a0\u00a0\u00a0\u00a0\u00a0\u00a0\u00a0\u00a0\u00a0\u00a0\u00a0\u00a0 ca. 6 Monate<\/strong><br \/>\n<strong>Zustand:\u00a0\u00a0\u00a0\u00a0\u00a0\u00a0 mit neuen Pflegeservice <\/strong><br \/>\n<strong>Garantie:\u00a0\u00a0\u00a0\u00a0\u00a0 2 Jahre auf die Technik und 5 Jahre auf den Rahmen<\/strong><br \/>\n<strong>\u00a0\u00a0\u00a0\u00a0\u00a0\u00a0\u00a0\u00a0\u00a0\u00a0\u00a0\u00a0\u00a0\u00a0\u00a0\u00a0\u00a0\u00a0\u00a0\u00a0\u00a0\u00a0\u00a0\u00a0 <\/strong><br \/>\n<strong>Lieferzeit:\u00a0\u00a0\u00a0 sofort<\/strong><\/p>\n<p>R\u00e4derfarbe:\u00a0\u00a0 auf Anfrage<\/p>\n<p><strong>Laufzeit des Angebotes jeweils pro Caddy, solange der Vorrat reicht.<\/strong><\/p>\n<\/div>\n<p>&nbsp;<\/p>\n<div class=\"wpb_wrapper\">\n<p><strong>Die neue Luxusklasse<\/strong><\/p>\n<ul>\n<li>modernstes Plus Technikpaket<\/li>\n<li>perfekte Falttechnik<\/li>\n<li>schnellster Auf- und Abbau<\/li>\n<li>nur wenig Einzelteile<\/li>\n<li>flaches Packma\u00df inkl. R\u00e4der<\/li>\n<\/ul>\n<p><strong>Technische Daten:<\/strong><\/p>\n<ul>\n<li>Motor: \u201cBrushless\u201d High-Tech-Antriebe 35mm<\/li>\n<li><i class=\"icon-default-style icon-salient-thin-line accent-color\"><\/i> Akku: 24 Volt Lithium Ionen<\/li>\n<li><i class=\"icon-default-style icon-salient-thin-line accent-color\"><\/i> Akkuladezeit: 3 bis 5 Stunden<\/li>\n<li><i class=\"icon-default-style icon-salient-thin-line accent-color\"><\/i> Laufstrecke: ca. 45 Loch<\/li>\n<li><i class=\"icon-default-style icon-salient-thin-line accent-color\"><\/i> Geschwindigkeit: bis zu 8 km\/h<\/li>\n<li><i class=\"icon-default-style icon-salient-thin-line accent-color\"><\/i> Packma\u00df: 63 x 65 x 20 cm<\/li>\n<li><i class=\"icon-default-style icon-salient-thin-line accent-color\"><\/i> Gewicht Rahmen: ca. 6,2 kg<\/li>\n<li><i class=\"icon-default-style icon-salient-thin-line accent-color\"><\/i> Gewicht R\u00e4der: ca. 1,9 kg<\/li>\n<li><i class=\"icon-default-style icon-salient-thin-line accent-color\"><\/i> Gewicht Akku: ca. 1,0 kg<\/li>\n<\/ul>\n<\/div>\n<\/div>","protected":false},"excerpt":{"rendered":"<p>SteelCad Zorro Click &#8211; 6 Monate junge Modelle &#8211; neuer Pflegeservice &#8211; Top Zustand mit Zubeh\u00f6r:\u00a0 Sie sparen: \u20ac 1.421.- \u00a0 SteelCad Zorro Click: \u00a0 \u00a0 (neu)\u00a0 \u00a0 \u00a0\u00a0 \u00a0&#8230;<\/p>","protected":false},"featured_media":678,"template":"","meta":[],"product_brand":[],"product_cat":[132],"product_tag":[],"class_list":{"0":"post-2929","1":"product","2":"type-product","3":"status-publish","4":"has-post-thumbnail","6":"product_cat-aussteller-und-vorfuehrcaddys","8":"first","9":"instock","10":"sale","11":"taxable","12":"shipping-taxable","13":"purchasable","14":"product-type-simple"},"_links":{"self":[{"href":"https:\/\/www.pg-powergolf.de\/ch\/wp-json\/wp\/v2\/product\/2929","targetHints":{"allow":["GET"]}}],"collection":[{"href":"https:\/\/www.pg-powergolf.de\/ch\/wp-json\/wp\/v2\/product"}],"about":[{"href":"https:\/\/www.pg-powergolf.de\/ch\/wp-json\/wp\/v2\/types\/product"}],"wp:featuredmedia":[{"embeddable":true,"href":"https:\/\/www.pg-powergolf.de\/ch\/wp-json\/wp\/v2\/media\/678"}],"wp:attachment":[{"href":"https:\/\/www.pg-powergolf.de\/ch\/wp-json\/wp\/v2\/media?parent=2929"}],"wp:term":[{"taxonomy":"product_brand","embeddable":true,"href":"https:\/\/www.pg-powergolf.de\/ch\/wp-json\/wp\/v2\/product_brand?post=2929"},{"taxonomy":"product_cat","embeddable":true,"href":"https:\/\/www.pg-powergolf.de\/ch\/wp-json\/wp\/v2\/product_cat?post=2929"},{"taxonomy":"product_tag","embeddable":true,"href":"https:\/\/www.pg-powergolf.de\/ch\/wp-json\/wp\/v2\/product_tag?post=2929"}],"curies":[{"name":"wp","href":"https:\/\/api.w.org\/{rel}","templated":true}]}}